{"id":3293,"date":"2022-12-26T21:18:37","date_gmt":"2022-12-26T21:18:37","guid":{"rendered":"http:\/\/turkiyeyatirimajansi.com\/?page_id=3293"},"modified":"2026-02-19T08:47:19","modified_gmt":"2026-02-19T08:47:19","slug":"biz-kimiz","status":"publish","type":"page","link":"http:\/\/turkiyeyatirimajansi.com\/index.php\/biz-kimiz\/","title":{"rendered":"Biz Kimiz?"},"content":{"rendered":"<div class=\"fusion-fullwidth fullwidth-box fusion-builder-row-1 fusion-flex-container has-pattern-background has-mask-background nonhundred-percent-fullwidth non-hundred-percent-height-scrolling\" style=\"--link_hover_color: var(--awb-color1);--link_color: var(--awb-color3);--awb-border-radius-top-left:0px;--awb-border-radius-top-right:0px;--awb-border-radius-bottom-right:0px;--awb-border-radius-bottom-left:0px;--awb-padding-top:0%;--awb-padding-bottom:0%;--awb-flex-wrap:wrap;\" ><div class=\"fusion-builder-row fusion-row fusion-flex-align-items-flex-start fusion-flex-content-wrap\" style=\"max-width:1320.8px;margin-left: calc(-4% \/ 2 );margin-right: calc(-4% \/ 2 );\"><div class=\"fusion-layout-column fusion_builder_column fusion-builder-column-0 fusion_builder_column_1_1 1_1 fusion-flex-column fusion-flex-align-self-center\" style=\"--awb-padding-right:58px;--awb-overflow:hidden;--awb-bg-size:cover;--awb-border-radius:5px 5px 5px 5px;--awb-width-large:100%;--awb-margin-top-large:25px;--awb-spacing-right-large:1.92%;--awb-margin-bottom-large:0px;--awb-spacing-left-large:1.92%;--awb-width-medium:100%;--awb-order-medium:0;--awb-spacing-right-medium:1.92%;--awb-spacing-left-medium:1.92%;--awb-width-small:100%;--awb-order-small:0;--awb-spacing-right-small:1.92%;--awb-spacing-left-small:1.92%;\"><div class=\"fusion-column-wrapper fusion-column-has-shadow fusion-flex-justify-content-center fusion-content-layout-column\"><div class=\"fusion-title title fusion-title-1 fusion-sep-none fusion-title-center fusion-title-text fusion-title-size-two\"><h2 class=\"fusion-title-heading title-heading-center fusion-responsive-typography-calculated\" style=\"margin:0;--fontSize:44;line-height:1.26;\">Ajans\u0131m\u0131z\u0131n \u00dcyeleri<\/h2><\/div><\/div><\/div><div class=\"fusion-layout-column fusion_builder_column fusion-builder-column-1 fusion_builder_column_1_1 1_1 fusion-flex-column\" style=\"--awb-padding-right:58px;--awb-overflow:hidden;--awb-bg-size:cover;--awb-border-radius:5px 5px 5px 5px;--awb-width-large:100%;--awb-margin-top-large:25px;--awb-spacing-right-large:1.92%;--awb-margin-bottom-large:25px;--awb-spacing-left-large:1.92%;--awb-width-medium:100%;--awb-order-medium:0;--awb-spacing-right-medium:1.92%;--awb-spacing-left-medium:1.92%;--awb-width-small:100%;--awb-order-small:0;--awb-spacing-right-small:1.92%;--awb-spacing-left-small:1.92%;\"><div class=\"fusion-column-wrapper fusion-column-has-shadow fusion-flex-justify-content-center fusion-content-layout-column\"><div class=\"fusion-text fusion-text-1\"><\/div><div class=\"fusion-text fusion-text-2\" style=\"--awb-content-alignment:center;\"><p>T\u00fcrkiye Yat\u0131r\u0131m Ajans\u0131 olarak amac\u0131m\u0131z mevzuatta yer alan en g\u00fcncel bilgiler \u0131\u015f\u0131\u011f\u0131nda devlet destek ve te\u015fviklerini daha fazla firmam\u0131z ile bulu\u015fturmakt\u0131r. B\u00f6ylece firmalar\u0131m\u0131za maddi y\u00f6nden pozitif katk\u0131 sa\u011flarken te\u015fvik uygulamalar\u0131n\u0131n bir amac\u0131 olarak piyasalar\u0131n haraketlili\u011finin artt\u0131r\u0131lmas\u0131na ve \u00fclke olarak istihdam\u0131n, mal ve hizmet ihracat\u0131n\u0131n istenen noktalara ta\u015f\u0131nmas\u0131na olumlu bir katk\u0131 sunulmu\u015f olacakt\u0131r.<\/p>\n<\/div><\/div><\/div><div class=\"fusion-layout-column fusion_builder_column fusion-builder-column-2 fusion_builder_column_1_3 1_3 fusion-flex-column fusion-flex-align-self-flex-start\" style=\"--awb-bg-size:cover;--awb-width-large:33.333333333333%;--awb-margin-top-large:25px;--awb-spacing-right-large:5.76%;--awb-margin-bottom-large:25px;--awb-spacing-left-large:5.76%;--awb-width-medium:100%;--awb-order-medium:0;--awb-spacing-right-medium:1.92%;--awb-spacing-left-medium:1.92%;--awb-width-small:100%;--awb-order-small:0;--awb-spacing-right-small:1.92%;--awb-spacing-left-small:1.92%;\"><div class=\"fusion-column-wrapper fusion-column-has-shadow fusion-flex-justify-content-flex-start fusion-content-layout-column\"><div class=\"fusion-flip-boxes flip-boxes row fusion-columns-1 flip-effect-3d\" style=\"--awb-flip-duration:1.2s;\"><div class=\"fusion-flip-box-wrapper fusion-column col-lg-12 col-md-12 col-sm-12\"><div class=\"fusion-flip-box flip-right\" tabindex=\"0\"><div class=\"flip-box-inner-wrapper\"><div class=\"flip-box-front\" style=\"--awb-background-color-front:#164193;\"><div class=\"flip-box-front-inner\"><div class=\"flip-box-grafix flip-box-image\"><img decoding=\"async\" class=\"lazyload\" src=\"data:image\/svg+xml,%3Csvg%20xmlns%3D%27http%3A%2F%2Fwww.w3.org%2F2000%2Fsvg%27%20width%3D%272251%27%20height%3D%272250%27%20viewBox%3D%270%200%202251%202250%27%3E%3Crect%20width%3D%272251%27%20height%3D%272250%27%20fill-opacity%3D%220%22%2F%3E%3C%2Fsvg%3E\" data-orig-src=\"http:\/\/turkiyeyatirimajansi.com\/wp-content\/uploads\/2022\/10\/Uye_Firma_SSK.png\" width=\"2251\" height=\"2250\" alt=\"\" \/><\/div><\/div><\/div><div class=\"flip-box-back\" style=\"--awb-background-color-back:#164193;\"><div class=\"flip-box-back-inner\">\n<p style=\"text-align: center;\"><strong>SSK Management<\/strong><br \/>\u0130\u015f ve Sosyal G\u00fcvenlik Dan\u0131\u015fmanl\u0131\u011f\u0131 A.\u015e.<\/p>\n<p style=\"text-align: center;\">H\u0130ZMETLER\u0130M\u0130Z<\/p>\n<ul>\n<li style=\"text-align: left;\"><a href=\"https:\/\/sskmanagement.com\/hizmetlerimiz\/regtech\/\" target=\"_blank\" rel=\"noopener\">RegTech<\/a><\/li>\n<li style=\"text-align: left;\"><a href=\"https:\/\/sskmanagement.com\/hizmetlerimiz\/istihdam-maliyet-yonetimi\/\" target=\"_blank\" rel=\"noopener\">\u0130stihdam Maliyet Y\u00f6netimi<\/a><\/li>\n<li style=\"text-align: left;\"><a href=\"https:\/\/sskmanagement.com\/hizmetlerimiz\/denetim\/\" target=\"_blank\" rel=\"noopener\">Denetim<\/a><\/li>\n<li style=\"text-align: left;\"><a href=\"https:\/\/sskmanagement.com\/hizmetlerimiz\/danismanlik\/\" target=\"_blank\" rel=\"noopener\">Dan\u0131\u015fmanl\u0131k<\/a><\/li>\n<\/ul>\n<\/div><\/div><\/div><\/div><\/div><\/div><\/div><\/div><div class=\"fusion-layout-column fusion_builder_column fusion-builder-column-3 fusion_builder_column_1_3 1_3 fusion-flex-column\" style=\"--awb-bg-size:cover;--awb-width-large:33.333333333333%;--awb-margin-top-large:25px;--awb-spacing-right-large:5.76%;--awb-margin-bottom-large:25px;--awb-spacing-left-large:5.76%;--awb-width-medium:100%;--awb-order-medium:0;--awb-spacing-right-medium:1.92%;--awb-spacing-left-medium:1.92%;--awb-width-small:100%;--awb-order-small:0;--awb-spacing-right-small:1.92%;--awb-spacing-left-small:1.92%;\"><div class=\"fusion-column-wrapper fusion-column-has-shadow fusion-flex-justify-content-flex-start fusion-content-layout-column\"><div class=\"fusion-flip-boxes flip-boxes row fusion-columns-1 flip-effect-3d\" style=\"--awb-flip-duration:1.2s;\"><div class=\"fusion-flip-box-wrapper fusion-column col-lg-12 col-md-12 col-sm-12\"><div class=\"fusion-flip-box flip-right\" tabindex=\"0\"><div class=\"flip-box-inner-wrapper\"><div class=\"flip-box-front\" style=\"--awb-background-color-front:#164193;\"><div class=\"flip-box-front-inner\"><div class=\"flip-box-grafix flip-box-image\"><img decoding=\"async\" class=\"lazyload\" src=\"data:image\/svg+xml,%3Csvg%20xmlns%3D%27http%3A%2F%2Fwww.w3.org%2F2000%2Fsvg%27%20width%3D%272251%27%20height%3D%272250%27%20viewBox%3D%270%200%202251%202250%27%3E%3Crect%20width%3D%272251%27%20height%3D%272250%27%20fill-opacity%3D%220%22%2F%3E%3C%2Fsvg%3E\" data-orig-src=\"http:\/\/turkiyeyatirimajansi.com\/wp-content\/uploads\/2022\/10\/Uye_Firma_WRM.png\" width=\"2251\" height=\"2250\" alt=\"\" \/><\/div><\/div><\/div><div class=\"flip-box-back\" style=\"--awb-background-color-back:#164193;\"><div class=\"flip-box-back-inner\">\n<p><strong>WRM<\/strong><br \/>Dan\u0131\u015fmanl\u0131k Yaz\u0131l\u0131m ve Bilgi Teknolojileri A.\u015e.<\/p>\n<p>H\u0130ZMETLER\u0130M\u0130Z<\/p>\n<ul>\n<li style=\"text-align: left;\"><a href=\"https:\/\/wrm.com.tr\/hizmetlerimiz\/bilisim-tesvikleri\/\" target=\"_blank\" rel=\"noopener\">Bili\u015fim Te\u015fvikleri<\/a><\/li>\n<li style=\"text-align: left;\"><a href=\"https:\/\/wrm.com.tr\/hizmetlerimiz\/e-turquality-tesvikleri\/\" target=\"_blank\" rel=\"noopener\">E-Turquality Te\u015fvikleri<\/a><\/li>\n<li style=\"text-align: left;\"><a href=\"https:\/\/wrm.com.tr\/hizmetlerimiz\/saglik-turizmi-tesvikleri\/\" target=\"_blank\" rel=\"noopener\">Sa\u011fl\u0131k Turizmi Te\u015fvikleri<\/a><\/li>\n<\/ul>\n<\/div><\/div><\/div><\/div><\/div><\/div><\/div><\/div><div class=\"fusion-layout-column fusion_builder_column fusion-builder-column-4 fusion_builder_column_1_3 1_3 fusion-flex-column\" style=\"--awb-bg-size:cover;--awb-width-large:33.333333333333%;--awb-margin-top-large:25px;--awb-spacing-right-large:5.76%;--awb-margin-bottom-large:25px;--awb-spacing-left-large:5.76%;--awb-width-medium:100%;--awb-order-medium:0;--awb-spacing-right-medium:1.92%;--awb-spacing-left-medium:1.92%;--awb-width-small:100%;--awb-order-small:0;--awb-spacing-right-small:1.92%;--awb-spacing-left-small:1.92%;\"><div class=\"fusion-column-wrapper fusion-column-has-shadow fusion-flex-justify-content-flex-start fusion-content-layout-column\"><div class=\"fusion-flip-boxes flip-boxes row fusion-columns-1 flip-effect-3d\" style=\"--awb-flip-duration:1.2s;\"><div class=\"fusion-flip-box-wrapper fusion-column col-lg-12 col-md-12 col-sm-12\"><div class=\"fusion-flip-box flip-right\" tabindex=\"0\"><div class=\"flip-box-inner-wrapper\"><div class=\"flip-box-front\" style=\"--awb-background-color-front:#164193;\"><div class=\"flip-box-front-inner\"><div class=\"flip-box-grafix flip-box-image\"><img decoding=\"async\" class=\"lazyload\" src=\"data:image\/svg+xml,%3Csvg%20xmlns%3D%27http%3A%2F%2Fwww.w3.org%2F2000%2Fsvg%27%20width%3D%271080%27%20height%3D%271080%27%20viewBox%3D%270%200%201080%201080%27%3E%3Crect%20width%3D%271080%27%20height%3D%271080%27%20fill-opacity%3D%220%22%2F%3E%3C%2Fsvg%3E\" data-orig-src=\"http:\/\/turkiyeyatirimajansi.com\/wp-content\/uploads\/2026\/02\/kanguru.png\" width=\"1080\" height=\"1080\" alt=\"\" \/><\/div><\/div><\/div><div class=\"flip-box-back\" style=\"--awb-background-color-back:#164193;\"><div class=\"flip-box-back-inner\">\n<p><strong>Kanguru<\/strong><br \/>Teknoloji \u0130K<\/p>\n<p>H\u0130ZMETLER\u0130M\u0130Z<\/p>\n<ul>\n<li style=\"text-align: left;\"><a href=\"https:\/\/danismankanguru.com\/tekno-kanguru\/\" target=\"_blank\" rel=\"noopener\">Tekno Kanguru<\/a><\/li>\n<li style=\"text-align: left;\"><a href=\"https:\/\/danismankanguru.com\/hizmetlerimiz\/teknik-bordrolama\/\" target=\"_blank\" rel=\"noopener\">Teknik Bordroloma<\/a><\/li>\n<li style=\"text-align: left;\"><a href=\"https:\/\/danismankanguru.com\/hizmetlerimiz\/danismanlik\/\" target=\"_blank\" rel=\"noopener\">Dan\u0131\u015fmanl\u0131k<\/a><\/li>\n<li style=\"text-align: left;\"><a href=\"https:\/\/danismankanguru.com\/hizmetlerimiz\/istihdam-maliyet-yonetimi\/\" target=\"_blank\" rel=\"noopener\">\u0130stihdam Maliyet Y\u00f6netimi<\/a><\/li>\n<li style=\"text-align: left;\"><a href=\"https:\/\/danismankanguru.com\/hizmetlerimiz\/denetim\/\" target=\"_blank\" rel=\"noopener\">Denetim<\/a><\/li>\n<\/ul>\n<\/div><\/div><\/div><\/div><\/div><\/div><\/div><\/div><\/div><\/div>\n","protected":false},"excerpt":{"rendered":"","protected":false},"author":1,"featured_media":0,"parent":0,"menu_order":0,"comment_status":"closed","ping_status":"closed","template":"100-width.php","meta":{"footnotes":""},"class_list":["post-3293","page","type-page","status-publish","hentry"],"_links":{"self":[{"href":"http:\/\/turkiyeyatirimajansi.com\/index.php\/wp-json\/wp\/v2\/pages\/3293","targetHints":{"allow":["GET"]}}],"collection":[{"href":"http:\/\/turkiyeyatirimajansi.com\/index.php\/wp-json\/wp\/v2\/pages"}],"about":[{"href":"http:\/\/turkiyeyatirimajansi.com\/index.php\/wp-json\/wp\/v2\/types\/page"}],"author":[{"embeddable":true,"href":"http:\/\/turkiyeyatirimajansi.com\/index.php\/wp-json\/wp\/v2\/users\/1"}],"replies":[{"embeddable":true,"href":"http:\/\/turkiyeyatirimajansi.com\/index.php\/wp-json\/wp\/v2\/comments?post=3293"}],"version-history":[{"count":9,"href":"http:\/\/turkiyeyatirimajansi.com\/index.php\/wp-json\/wp\/v2\/pages\/3293\/revisions"}],"predecessor-version":[{"id":3441,"href":"http:\/\/turkiyeyatirimajansi.com\/index.php\/wp-json\/wp\/v2\/pages\/3293\/revisions\/3441"}],"wp:attachment":[{"href":"http:\/\/turkiyeyatirimajansi.com\/index.php\/wp-json\/wp\/v2\/media?parent=3293"}],"curies":[{"name":"wp","href":"https:\/\/api.w.org\/{rel}","templated":true}]}}